{"id":6080,"date":"2015-04-24T11:31:26","date_gmt":"2015-04-24T15:31:26","guid":{"rendered":"http:\/\/super-frio.com\/producto\/bano-maria-electrico-2-cuba-11-de-660-x-540-x-220-mm\/"},"modified":"2022-04-08T14:45:42","modified_gmt":"2022-04-08T18:45:42","slug":"bano-maria-electrico-2-cuba-11-de-660-x-540-x-220-mm","status":"publish","type":"product","link":"https:\/\/super-frio.com\/super\/wordpress\/product\/bano-maria-electrico-2-cuba-11-de-660-x-540-x-220-mm\/","title":{"rendered":"BA\u00d1O MAR\u00cdA DOBLE EL\u00c9CTRICO CON AGUA 2GN 1\/1 755X600X330 A"},"content":{"rendered":"<p>Tipo Ba\u00f1o maria<br \/>\nCubas 2 GN 1\/1 160 mm<br \/>\nPotencia 1 kw + 1 kw<br \/>\nMedidas 690 X 540 X 250 mm<br \/>\nESTADO NUEVO A ESTRENAR<\/p>\n","protected":false},"excerpt":{"rendered":"<p>Referencia: 19005015<br \/>\nMedidas exteriores: (mm) 755 x 600 x 330<br \/>\nPotencia: (W) 1400<br \/>\nTensi\u00f3n: (V) 230\/1N\/50 Hz<br \/>\nCapacidad GN 1\/1<br \/>\nProfundidad 200 mm: 2<br \/>\nEstado: nuevo a estrenar<\/p>\n","protected":false},"featured_media":20499,"template":"","meta":[],"product_cat":[246],"product_tag":[276,277],"class_list":["post-6080","product","type-product","status-publish","has-post-thumbnail","hentry","product_cat-bano-maria-electrico","product_tag-bmsm-211","product_tag-edenox","product_shipping_class-class1"],"_links":{"self":[{"href":"https:\/\/super-frio.com\/super\/wordpress\/wp-json\/wp\/v2\/product\/6080","targetHints":{"allow":["GET"]}}],"collection":[{"href":"https:\/\/super-frio.com\/super\/wordpress\/wp-json\/wp\/v2\/product"}],"about":[{"href":"https:\/\/super-frio.com\/super\/wordpress\/wp-json\/wp\/v2\/types\/product"}],"wp:featuredmedia":[{"embeddable":true,"href":"https:\/\/super-frio.com\/super\/wordpress\/wp-json\/wp\/v2\/media\/20499"}],"wp:attachment":[{"href":"https:\/\/super-frio.com\/super\/wordpress\/wp-json\/wp\/v2\/media?parent=6080"}],"wp:term":[{"taxonomy":"product_cat","embeddable":true,"href":"https:\/\/super-frio.com\/super\/wordpress\/wp-json\/wp\/v2\/product_cat?post=6080"},{"taxonomy":"product_tag","embeddable":true,"href":"https:\/\/super-frio.com\/super\/wordpress\/wp-json\/wp\/v2\/product_tag?post=6080"}],"curies":[{"name":"wp","href":"https:\/\/api.w.org\/{rel}","templated":true}]}}