{"id":7959,"date":"2015-05-11T06:45:02","date_gmt":"2015-05-11T10:45:02","guid":{"rendered":"http:\/\/super-frio.com\/?post_type=product&#038;p=7959"},"modified":"2022-04-08T10:22:38","modified_gmt":"2022-04-08T14:22:38","slug":"camara-de-refrigeracion","status":"publish","type":"product","link":"https:\/\/super-frio.com\/super\/wordpress\/product\/camara-de-refrigeracion\/","title":{"rendered":"C\u00c1MARA DE REFRIGERACI\u00d3N 1380 x 1780 x 2180 mm A"},"content":{"rendered":"<p>C\u00e1mara de refrigeraci\u00f3n<\/p>\n<p>Grosor de Panel \u00a0 \u00a080 mm,<\/p>\n<p>Apertura de seguridad interior<\/p>\n<p>Suelo de acero inoxidable antideslizante<\/p>\n<p>Puerta de 700 x 1900 mm.<\/p>\n<p>Alturas \u00a0 de \u00a02180 \u00a0y 2580 mm<\/p>\n<p>Medidas \u00a0 \u00a0 de 1380 x 1780 \u00a0hasta \u00a02580 x 2980 mm.<\/p>\n<p><span style=\"color: #ff0000;\"><strong>PARA PRESUPUESTO Y OTRAS MEDIDAS, CONTACTE CON NOSOTROS Y LE PRESUPUESTAMOS SIN COMPROMISO<\/strong><\/span><\/p>\n<p>&nbsp;<\/p>\n","protected":false},"excerpt":{"rendered":"<p>Marca Eurofred<br \/>\nPanel 80 mm.<br \/>\nPuerta 800 x 1900 mm<br \/>\nUso Refrigeracion<br \/>\nMedidas ext 1380 x 1780 x 2180 mm<br \/>\nMedidas int 1200 x 1600 x 2000mm<br \/>\nVolumen 3,84 m3<br \/>\nESTADO NUEVO A ESTRENAR<\/p>\n<p><span style=\"color: #ff0000;\"><strong>PARA PRESUPUESTO Y OTRAS MEDIDAS, CONTACTE CON NOSOTROS Y LE PRESUPUESTAMOS SIN COMPROMISO<\/strong><\/span><\/p>\n","protected":false},"featured_media":20347,"template":"","meta":[],"product_cat":[365,366],"product_tag":[364,137],"class_list":["post-7959","product","type-product","status-publish","has-post-thumbnail","hentry","product_cat-camaras","product_cat-camaras-de-mantenimiento","product_tag-0nps1000","product_tag-eurofred"],"_links":{"self":[{"href":"https:\/\/super-frio.com\/super\/wordpress\/wp-json\/wp\/v2\/product\/7959","targetHints":{"allow":["GET"]}}],"collection":[{"href":"https:\/\/super-frio.com\/super\/wordpress\/wp-json\/wp\/v2\/product"}],"about":[{"href":"https:\/\/super-frio.com\/super\/wordpress\/wp-json\/wp\/v2\/types\/product"}],"wp:featuredmedia":[{"embeddable":true,"href":"https:\/\/super-frio.com\/super\/wordpress\/wp-json\/wp\/v2\/media\/20347"}],"wp:attachment":[{"href":"https:\/\/super-frio.com\/super\/wordpress\/wp-json\/wp\/v2\/media?parent=7959"}],"wp:term":[{"taxonomy":"product_cat","embeddable":true,"href":"https:\/\/super-frio.com\/super\/wordpress\/wp-json\/wp\/v2\/product_cat?post=7959"},{"taxonomy":"product_tag","embeddable":true,"href":"https:\/\/super-frio.com\/super\/wordpress\/wp-json\/wp\/v2\/product_tag?post=7959"}],"curies":[{"name":"wp","href":"https:\/\/api.w.org\/{rel}","templated":true}]}}